{"id":533,"date":"2017-02-16T11:48:24","date_gmt":"2017-02-16T11:48:24","guid":{"rendered":"http:\/\/www.dentosaurus.com\/?page_id=533"},"modified":"2017-02-23T08:35:30","modified_gmt":"2017-02-23T08:35:30","slug":"posjeta-3d","status":"publish","type":"page","link":"https:\/\/www.dentosaurus.com\/?page_id=533","title":{"rendered":"Posjeta 3D"},"content":{"rendered":"<p>Dobro\u0111o\u0161li u na\u0161u ordinaciju:<br \/>\n<iframe loading=\"lazy\" style=\"border: 0;\" src=\"https:\/\/www.google.com\/maps\/embed?pb=!1m0!3m2!1sen!2shr!4v1487252953608!6m8!1m7!1sF%3A-gSMdlubyCuI%2FWJtjyKtteXI%2FAAAAAAAAIfc%2FsGUO2kRuM8UVRav26KqOiGMb9Z9BNXqCACLIB!2m2!1d45.80278748626448!2d15.97659111619354!3f71.8857449154939!4f-9.621035616132446!5f0.7820865974627469\" width=\"1200\" height=\"600\" frameborder=\"0\" allowfullscreen=\"allowfullscreen\"><\/iframe><\/p>\n","protected":false},"excerpt":{"rendered":"<p>Dobro\u0111o\u0161li u na\u0161u ordinaciju:<\/p>\n","protected":false},"author":1,"featured_media":0,"parent":0,"menu_order":0,"comment_status":"closed","ping_status":"closed","template":"page-full.php","meta":{"_mi_skip_tracking":false},"yoast_head":"<!-- This site is optimized with the Yoast SEO plugin v18.0 - https:\/\/yoast.com\/wordpress\/plugins\/seo\/ -->\n<meta name=\"robots\" content=\"index, follow, max-snippet:-1, max-image-preview:large, max-video-preview:-1\" \/>\n<link rel=\"canonical\" href=\"https:\/\/www.dentosaurus.com\/?page_id=533\" \/>\n<meta property=\"og:locale\" content=\"en_US\" \/>\n<meta property=\"og:type\" content=\"article\" \/>\n<meta property=\"og:title\" content=\"Posjeta 3D - Dental Plus miramare d.o.o.\" \/>\n<meta property=\"og:description\" content=\"Dobro\u0111o\u0161li u na\u0161u ordinaciju:\" \/>\n<meta property=\"og:url\" content=\"https:\/\/www.dentosaurus.com\/?page_id=533\" \/>\n<meta property=\"og:site_name\" content=\"Dental Plus miramare d.o.o.\" \/>\n<meta property=\"article:modified_time\" content=\"2017-02-23T08:35:30+00:00\" \/>\n<meta name=\"twitter:card\" content=\"summary_large_image\" \/>\n<script type=\"application\/ld+json\" class=\"yoast-schema-graph\">{\"@context\":\"https:\/\/schema.org\",\"@graph\":[{\"@type\":\"WebSite\",\"@id\":\"https:\/\/www.dentosaurus.com\/#website\",\"url\":\"https:\/\/www.dentosaurus.com\/\",\"name\":\"Dental Plus miramare d.o.o.\",\"description\":\"Zubna ordinacija va\u0161eg izbora\",\"potentialAction\":[{\"@type\":\"SearchAction\",\"target\":{\"@type\":\"EntryPoint\",\"urlTemplate\":\"https:\/\/www.dentosaurus.com\/?s={search_term_string}\"},\"query-input\":\"required name=search_term_string\"}],\"inLanguage\":\"en-US\"},{\"@type\":\"WebPage\",\"@id\":\"https:\/\/www.dentosaurus.com\/?page_id=533#webpage\",\"url\":\"https:\/\/www.dentosaurus.com\/?page_id=533\",\"name\":\"Posjeta 3D - Dental Plus miramare d.o.o.\",\"isPartOf\":{\"@id\":\"https:\/\/www.dentosaurus.com\/#website\"},\"datePublished\":\"2017-02-16T11:48:24+00:00\",\"dateModified\":\"2017-02-23T08:35:30+00:00\",\"breadcrumb\":{\"@id\":\"https:\/\/www.dentosaurus.com\/?page_id=533#breadcrumb\"},\"inLanguage\":\"en-US\",\"potentialAction\":[{\"@type\":\"ReadAction\",\"target\":[\"https:\/\/www.dentosaurus.com\/?page_id=533\"]}]},{\"@type\":\"BreadcrumbList\",\"@id\":\"https:\/\/www.dentosaurus.com\/?page_id=533#breadcrumb\",\"itemListElement\":[{\"@type\":\"ListItem\",\"position\":1,\"name\":\"Home\",\"item\":\"https:\/\/www.dentosaurus.com\/\"},{\"@type\":\"ListItem\",\"position\":2,\"name\":\"Posjeta 3D\"}]}]}<\/script>\n<!-- \/ Yoast SEO plugin. -->","yoast_head_json":{"robots":{"index":"index","follow":"follow","max-snippet":"max-snippet:-1","max-image-preview":"max-image-preview:large","max-video-preview":"max-video-preview:-1"},"canonical":"https:\/\/www.dentosaurus.com\/?page_id=533","og_locale":"en_US","og_type":"article","og_title":"Posjeta 3D - Dental Plus miramare d.o.o.","og_description":"Dobro\u0111o\u0161li u na\u0161u ordinaciju:","og_url":"https:\/\/www.dentosaurus.com\/?page_id=533","og_site_name":"Dental Plus miramare d.o.o.","article_modified_time":"2017-02-23T08:35:30+00:00","twitter_card":"summary_large_image","schema":{"@context":"https:\/\/schema.org","@graph":[{"@type":"WebSite","@id":"https:\/\/www.dentosaurus.com\/#website","url":"https:\/\/www.dentosaurus.com\/","name":"Dental Plus miramare d.o.o.","description":"Zubna ordinacija va\u0161eg izbora","potentialAction":[{"@type":"SearchAction","target":{"@type":"EntryPoint","urlTemplate":"https:\/\/www.dentosaurus.com\/?s={search_term_string}"},"query-input":"required name=search_term_string"}],"inLanguage":"en-US"},{"@type":"WebPage","@id":"https:\/\/www.dentosaurus.com\/?page_id=533#webpage","url":"https:\/\/www.dentosaurus.com\/?page_id=533","name":"Posjeta 3D - Dental Plus miramare d.o.o.","isPartOf":{"@id":"https:\/\/www.dentosaurus.com\/#website"},"datePublished":"2017-02-16T11:48:24+00:00","dateModified":"2017-02-23T08:35:30+00:00","breadcrumb":{"@id":"https:\/\/www.dentosaurus.com\/?page_id=533#breadcrumb"},"inLanguage":"en-US","potentialAction":[{"@type":"ReadAction","target":["https:\/\/www.dentosaurus.com\/?page_id=533"]}]},{"@type":"BreadcrumbList","@id":"https:\/\/www.dentosaurus.com\/?page_id=533#breadcrumb","itemListElement":[{"@type":"ListItem","position":1,"name":"Home","item":"https:\/\/www.dentosaurus.com\/"},{"@type":"ListItem","position":2,"name":"Posjeta 3D"}]}]}},"_links":{"self":[{"href":"https:\/\/www.dentosaurus.com\/index.php?rest_route=\/wp\/v2\/pages\/533"}],"collection":[{"href":"https:\/\/www.dentosaurus.com\/index.php?rest_route=\/wp\/v2\/pages"}],"about":[{"href":"https:\/\/www.dentosaurus.com\/index.php?rest_route=\/wp\/v2\/types\/page"}],"author":[{"embeddable":true,"href":"https:\/\/www.dentosaurus.com\/index.php?rest_route=\/wp\/v2\/users\/1"}],"replies":[{"embeddable":true,"href":"https:\/\/www.dentosaurus.com\/index.php?rest_route=%2Fwp%2Fv2%2Fcomments&post=533"}],"version-history":[{"count":6,"href":"https:\/\/www.dentosaurus.com\/index.php?rest_route=\/wp\/v2\/pages\/533\/revisions"}],"predecessor-version":[{"id":540,"href":"https:\/\/www.dentosaurus.com\/index.php?rest_route=\/wp\/v2\/pages\/533\/revisions\/540"}],"wp:attachment":[{"href":"https:\/\/www.dentosaurus.com\/index.php?rest_route=%2Fwp%2Fv2%2Fmedia&parent=533"}],"curies":[{"name":"wp","href":"https:\/\/api.w.org\/{rel}","templated":true}]}}