{"id":473,"date":"2014-04-18T13:36:44","date_gmt":"2014-04-18T13:36:44","guid":{"rendered":"http:\/\/www.dentosaurus.com\/?page_id=473"},"modified":"2014-04-24T19:35:06","modified_gmt":"2014-04-24T19:35:06","slug":"pedodoncija","status":"publish","type":"page","link":"https:\/\/www.dentosaurus.com\/?page_id=473","title":{"rendered":"Pedodoncija"},"content":{"rendered":"<p><em><span style=\"text-decoration: underline;\">Dje\u010dja i preventivna stomatologija<\/span><\/em><\/p>\n<p><img loading=\"lazy\" class=\"alignleft  wp-image-480\" src=\"http:\/\/www.dentosaurus.com\/wp-content\/uploads\/2014\/04\/klinac1-200x300.jpg\" alt=\"Briga o zubima\" width=\"160\" height=\"240\" srcset=\"https:\/\/www.dentosaurus.com\/wp-content\/uploads\/2014\/04\/klinac1-200x300.jpg 200w, https:\/\/www.dentosaurus.com\/wp-content\/uploads\/2014\/04\/klinac1-100x150.jpg 100w, https:\/\/www.dentosaurus.com\/wp-content\/uploads\/2014\/04\/klinac1.jpg 430w\" sizes=\"(max-width: 160px) 100vw, 160px\" \/><\/p>\n<p style=\"padding-left: 30px; text-align: justify;\">Mlije\u010dni zubi krenu izbijati sa otprilike 6 mjeseci. Kad svi niknu, treba ih biti 10 u gornjoj i 10 u donjoj \u010deljusti. Sa otprilike 6 godina ni\u010du trajne \u0161estice. One su za funkciju glavni zubi, te na njih treba pogotovo paziti.<\/p>\n<p style=\"padding-left: 30px; text-align: justify;\">Va\u017eno je otpo\u010detka stvarati zdrave navike; preporu\u010da se djetetu s vla\u017enom krpom pro\u0107i oko zuba kako bi s izbjeglo stvaranje\u00a0plaka. Dok djete ne stekne dovoljnu motoriku za dobro pranje zuba, roditelj bi morao pomagati kod \u010detkanja.<\/p>\n<p style=\"padding-left: 30px; text-align: justify;\">Posjet doktoru dentane medicine preporu\u010da se u dobi od oko godine dana. Iako se te\u0161ko u toj dobi mo\u017ee ne\u0161to napraviti, bitno\u00a0je privikavanje na preglede zuba i sam ugo\u0111aj ordinacije, \u010dime se izbjegava fobija. Prvi pregled bi trebao biti kra\u0107i, samo radi upoznavanja. Va\u017eno je napraviti\u00a0ga prije nego \u0161to se\/ako se jave problemi. Bitan je i pozitivan stav roditelja prema odlascima doktoru dentalne medicine. Dijete se postepeno, i bez forsiranja, uglavnom kroz igru, upoznaje sa ordinacijom i instrumentima (zujalica, puhalica, itd.).<\/p>\n<p style=\"text-align: justify;\"><span style=\"text-decoration: underline;\"><em>Va\u017enost mlije\u010dnih zuba<\/em><\/span><\/p>\n<p style=\"text-align: justify;\"><img loading=\"lazy\" class=\" wp-image-483 alignright\" src=\"http:\/\/www.dentosaurus.com\/wp-content\/uploads\/2014\/04\/klnc2-225x300.jpg\" alt=\"Zubar je najbolji prijatelj\" width=\"180\" height=\"240\" srcset=\"https:\/\/www.dentosaurus.com\/wp-content\/uploads\/2014\/04\/klnc2-225x300.jpg 225w, https:\/\/www.dentosaurus.com\/wp-content\/uploads\/2014\/04\/klnc2-112x150.jpg 112w, https:\/\/www.dentosaurus.com\/wp-content\/uploads\/2014\/04\/klnc2.jpg 480w\" sizes=\"(max-width: 180px) 100vw, 180px\" \/>Mlije\u010dni zubi, kao i trajni, imaju funkcijsku, estetsku i fonetsku ulogu. \u010cuvaju mjesto za trajne zube, te je, iz tog\u00a0razloga, njihovo zdravlje vrlo bitno. Ukoliko do\u0111e do gubitka mlije\u010dnih zuba, smanjuje se prostor za nicanje trajnog\u00a0naslijednika, te mo\u017ee do\u0107i do nekih anomalija polo\u017eaja zuba. Pored toga, dobro je za trajne zube da niknu u zdravu okolinu,\u00a0bez karijesa. Pogre\u0161ka je misliti da mlije\u010dne zube ne treba popravljati jer \u0107e ispasti.<\/p>\n<p style=\"text-align: justify;\"><span style=\"line-height: 1.5em;\">Pod preventivne mjere u dje\u010djoj stomatologiji spadaju pe\u010da\u0107enje fisura te fluoridacija zuba.<\/span><\/p>\n<p style=\"text-align: justify;\">Fluoridacija je premazivanje zuba preparatima flura, \u010dime postaju otporniji prema razvoju karijesa.<\/p>\n<p style=\"text-align: justify;\">Pe\u010da\u0107enje fisura je\u00a0stavljanje za\u0161titnog sloja na dio zuba (teku\u0107i kompozit), \u010dime se smanjuje mogu\u0107nost nastanka karijesa.<\/p>\n","protected":false},"excerpt":{"rendered":"<p>Dje\u010dja i preventivna stomatologija Mlije\u010dni zubi krenu izbijati sa otprilike 6 mjeseci. Kad svi niknu, treba ih biti 10 u gornjoj i 10 u donjoj \u010deljusti. Sa otprilike 6 godina ni\u010du trajne \u0161estice. One su za funkciju glavni zubi, te na njih treba pogotovo paziti. Va\u017eno je otpo\u010detka stvarati zdrave navike; preporu\u010da se djetetu s [&hellip;]<\/p>\n","protected":false},"author":1,"featured_media":0,"parent":0,"menu_order":0,"comment_status":"closed","ping_status":"closed","template":"","meta":{"_mi_skip_tracking":false},"yoast_head":"<!-- This site is optimized with the Yoast SEO plugin v18.0 - https:\/\/yoast.com\/wordpress\/plugins\/seo\/ -->\n<meta name=\"description\" content=\"To je dje\u010dja stomatologija. Bavi se popravkom mlije\u010dnih i trajnih zuba.\" \/>\n<meta name=\"robots\" content=\"index, follow, max-snippet:-1, max-image-preview:large, max-video-preview:-1\" \/>\n<link rel=\"canonical\" href=\"https:\/\/www.dentosaurus.com\/?page_id=473\" \/>\n<meta property=\"og:locale\" content=\"en_US\" \/>\n<meta property=\"og:type\" content=\"article\" \/>\n<meta property=\"og:title\" content=\"Pedodoncija - Dental Plus miramare d.o.o.\" \/>\n<meta property=\"og:description\" content=\"To je dje\u010dja stomatologija. Bavi se popravkom mlije\u010dnih i trajnih zuba.\" \/>\n<meta property=\"og:url\" content=\"https:\/\/www.dentosaurus.com\/?page_id=473\" \/>\n<meta property=\"og:site_name\" content=\"Dental Plus miramare d.o.o.\" \/>\n<meta property=\"article:modified_time\" content=\"2014-04-24T19:35:06+00:00\" \/>\n<meta property=\"og:image\" content=\"http:\/\/www.dentosaurus.com\/wp-content\/uploads\/2014\/04\/klinac1-200x300.jpg\" \/>\n<meta name=\"twitter:card\" content=\"summary_large_image\" \/>\n<meta name=\"twitter:label1\" content=\"Est. reading time\" \/>\n\t<meta name=\"twitter:data1\" content=\"2 minutes\" \/>\n<script type=\"application\/ld+json\" class=\"yoast-schema-graph\">{\"@context\":\"https:\/\/schema.org\",\"@graph\":[{\"@type\":\"WebSite\",\"@id\":\"https:\/\/www.dentosaurus.com\/#website\",\"url\":\"https:\/\/www.dentosaurus.com\/\",\"name\":\"Dental Plus miramare d.o.o.\",\"description\":\"Zubna ordinacija va\u0161eg izbora\",\"potentialAction\":[{\"@type\":\"SearchAction\",\"target\":{\"@type\":\"EntryPoint\",\"urlTemplate\":\"https:\/\/www.dentosaurus.com\/?s={search_term_string}\"},\"query-input\":\"required name=search_term_string\"}],\"inLanguage\":\"en-US\"},{\"@type\":\"ImageObject\",\"@id\":\"https:\/\/www.dentosaurus.com\/?page_id=473#primaryimage\",\"inLanguage\":\"en-US\",\"url\":\"http:\/\/www.dentosaurus.com\/wp-content\/uploads\/2014\/04\/klinac1-200x300.jpg\",\"contentUrl\":\"http:\/\/www.dentosaurus.com\/wp-content\/uploads\/2014\/04\/klinac1-200x300.jpg\"},{\"@type\":\"WebPage\",\"@id\":\"https:\/\/www.dentosaurus.com\/?page_id=473#webpage\",\"url\":\"https:\/\/www.dentosaurus.com\/?page_id=473\",\"name\":\"Pedodoncija - Dental Plus miramare d.o.o.\",\"isPartOf\":{\"@id\":\"https:\/\/www.dentosaurus.com\/#website\"},\"primaryImageOfPage\":{\"@id\":\"https:\/\/www.dentosaurus.com\/?page_id=473#primaryimage\"},\"datePublished\":\"2014-04-18T13:36:44+00:00\",\"dateModified\":\"2014-04-24T19:35:06+00:00\",\"description\":\"To je dje\u010dja stomatologija. Bavi se popravkom mlije\u010dnih i trajnih zuba.\",\"breadcrumb\":{\"@id\":\"https:\/\/www.dentosaurus.com\/?page_id=473#breadcrumb\"},\"inLanguage\":\"en-US\",\"potentialAction\":[{\"@type\":\"ReadAction\",\"target\":[\"https:\/\/www.dentosaurus.com\/?page_id=473\"]}]},{\"@type\":\"BreadcrumbList\",\"@id\":\"https:\/\/www.dentosaurus.com\/?page_id=473#breadcrumb\",\"itemListElement\":[{\"@type\":\"ListItem\",\"position\":1,\"name\":\"Home\",\"item\":\"https:\/\/www.dentosaurus.com\/\"},{\"@type\":\"ListItem\",\"position\":2,\"name\":\"Pedodoncija\"}]}]}<\/script>\n<!-- \/ Yoast SEO plugin. -->","yoast_head_json":{"description":"To je dje\u010dja stomatologija. Bavi se popravkom mlije\u010dnih i trajnih zuba.","robots":{"index":"index","follow":"follow","max-snippet":"max-snippet:-1","max-image-preview":"max-image-preview:large","max-video-preview":"max-video-preview:-1"},"canonical":"https:\/\/www.dentosaurus.com\/?page_id=473","og_locale":"en_US","og_type":"article","og_title":"Pedodoncija - Dental Plus miramare d.o.o.","og_description":"To je dje\u010dja stomatologija. Bavi se popravkom mlije\u010dnih i trajnih zuba.","og_url":"https:\/\/www.dentosaurus.com\/?page_id=473","og_site_name":"Dental Plus miramare d.o.o.","article_modified_time":"2014-04-24T19:35:06+00:00","og_image":[{"url":"http:\/\/www.dentosaurus.com\/wp-content\/uploads\/2014\/04\/klinac1-200x300.jpg"}],"twitter_card":"summary_large_image","twitter_misc":{"Est. reading time":"2 minutes"},"schema":{"@context":"https:\/\/schema.org","@graph":[{"@type":"WebSite","@id":"https:\/\/www.dentosaurus.com\/#website","url":"https:\/\/www.dentosaurus.com\/","name":"Dental Plus miramare d.o.o.","description":"Zubna ordinacija va\u0161eg izbora","potentialAction":[{"@type":"SearchAction","target":{"@type":"EntryPoint","urlTemplate":"https:\/\/www.dentosaurus.com\/?s={search_term_string}"},"query-input":"required name=search_term_string"}],"inLanguage":"en-US"},{"@type":"ImageObject","@id":"https:\/\/www.dentosaurus.com\/?page_id=473#primaryimage","inLanguage":"en-US","url":"http:\/\/www.dentosaurus.com\/wp-content\/uploads\/2014\/04\/klinac1-200x300.jpg","contentUrl":"http:\/\/www.dentosaurus.com\/wp-content\/uploads\/2014\/04\/klinac1-200x300.jpg"},{"@type":"WebPage","@id":"https:\/\/www.dentosaurus.com\/?page_id=473#webpage","url":"https:\/\/www.dentosaurus.com\/?page_id=473","name":"Pedodoncija - Dental Plus miramare d.o.o.","isPartOf":{"@id":"https:\/\/www.dentosaurus.com\/#website"},"primaryImageOfPage":{"@id":"https:\/\/www.dentosaurus.com\/?page_id=473#primaryimage"},"datePublished":"2014-04-18T13:36:44+00:00","dateModified":"2014-04-24T19:35:06+00:00","description":"To je dje\u010dja stomatologija. Bavi se popravkom mlije\u010dnih i trajnih zuba.","breadcrumb":{"@id":"https:\/\/www.dentosaurus.com\/?page_id=473#breadcrumb"},"inLanguage":"en-US","potentialAction":[{"@type":"ReadAction","target":["https:\/\/www.dentosaurus.com\/?page_id=473"]}]},{"@type":"BreadcrumbList","@id":"https:\/\/www.dentosaurus.com\/?page_id=473#breadcrumb","itemListElement":[{"@type":"ListItem","position":1,"name":"Home","item":"https:\/\/www.dentosaurus.com\/"},{"@type":"ListItem","position":2,"name":"Pedodoncija"}]}]}},"_links":{"self":[{"href":"https:\/\/www.dentosaurus.com\/index.php?rest_route=\/wp\/v2\/pages\/473"}],"collection":[{"href":"https:\/\/www.dentosaurus.com\/index.php?rest_route=\/wp\/v2\/pages"}],"about":[{"href":"https:\/\/www.dentosaurus.com\/index.php?rest_route=\/wp\/v2\/types\/page"}],"author":[{"embeddable":true,"href":"https:\/\/www.dentosaurus.com\/index.php?rest_route=\/wp\/v2\/users\/1"}],"replies":[{"embeddable":true,"href":"https:\/\/www.dentosaurus.com\/index.php?rest_route=%2Fwp%2Fv2%2Fcomments&post=473"}],"version-history":[{"count":5,"href":"https:\/\/www.dentosaurus.com\/index.php?rest_route=\/wp\/v2\/pages\/473\/revisions"}],"predecessor-version":[{"id":508,"href":"https:\/\/www.dentosaurus.com\/index.php?rest_route=\/wp\/v2\/pages\/473\/revisions\/508"}],"wp:attachment":[{"href":"https:\/\/www.dentosaurus.com\/index.php?rest_route=%2Fwp%2Fv2%2Fmedia&parent=473"}],"curies":[{"name":"wp","href":"https:\/\/api.w.org\/{rel}","templated":true}]}}