{"id":392,"date":"2014-02-23T21:49:27","date_gmt":"2014-02-23T21:49:27","guid":{"rendered":"http:\/\/www.dentosaurus.com\/?page_id=392"},"modified":"2014-04-24T19:27:09","modified_gmt":"2014-04-24T19:27:09","slug":"naslovna-2","status":"publish","type":"page","link":"https:\/\/www.dentosaurus.com\/?page_id=392","title":{"rendered":"Naslovna"},"content":{"rendered":"<p><b>Dobro do\u0161li na stranice Dental Plus Miramare d.o.o.<\/b><\/p>\n<p>Dental Plus Miramare d.o.o. nalazi se u centru Zagreba, u blizini glavnog kolodvora.<\/p>\n<p>Ordinacija je moderno opremljena, uz vrhunsku tehnologiju i materijale.<\/p>\n<p>Uz ugodnu atmosferu, i individualan pristup, na\u0161 stru\u010dni tim je tu radi Vas.<\/p>\n","protected":false},"excerpt":{"rendered":"<p>Dobro do\u0161li na stranice Dental Plus Miramare d.o.o. Dental Plus Miramare d.o.o. nalazi se u centru Zagreba, u blizini glavnog kolodvora. Ordinacija je moderno opremljena, uz vrhunsku tehnologiju i materijale. Uz ugodnu atmosferu, i individualan pristup, na\u0161 stru\u010dni tim je tu radi Vas.<\/p>\n","protected":false},"author":1,"featured_media":0,"parent":0,"menu_order":0,"comment_status":"closed","ping_status":"closed","template":"","meta":{"_mi_skip_tracking":false},"yoast_head":"<!-- This site is optimized with the Yoast SEO plugin v18.0 - https:\/\/yoast.com\/wordpress\/plugins\/seo\/ -->\n<meta name=\"description\" content=\"www.dentosaurus.com (Zubar va\u0161eg povjerenja - Samir \u010cimi\u0107, dr.med.dent.) nalazi se u centru Zagreba, u blizini glavnog kolodvora.\" \/>\n<meta name=\"robots\" content=\"index, follow, max-snippet:-1, max-image-preview:large, max-video-preview:-1\" \/>\n<link rel=\"canonical\" href=\"http:\/\/www.dentosaurus.com\/?page_id=392\" \/>\n<meta property=\"og:locale\" content=\"en_US\" \/>\n<meta property=\"og:type\" content=\"article\" \/>\n<meta property=\"og:title\" content=\"Dental Plus miramare d.o.o.\" \/>\n<meta property=\"og:description\" content=\"www.dentosaurus.com (Zubar va\u0161eg povjerenja - Samir \u010cimi\u0107, dr.med.dent.) nalazi se u centru Zagreba, u blizini glavnog kolodvora.\" \/>\n<meta property=\"og:url\" content=\"http:\/\/www.dentosaurus.com\/?page_id=392\" \/>\n<meta property=\"og:site_name\" content=\"Dental Plus miramare d.o.o.\" \/>\n<meta property=\"article:modified_time\" content=\"2014-04-24T19:27:09+00:00\" \/>\n<meta name=\"twitter:card\" content=\"summary_large_image\" \/>\n<script type=\"application\/ld+json\" class=\"yoast-schema-graph\">{\"@context\":\"https:\/\/schema.org\",\"@graph\":[{\"@type\":\"WebSite\",\"@id\":\"https:\/\/www.dentosaurus.com\/#website\",\"url\":\"https:\/\/www.dentosaurus.com\/\",\"name\":\"Dental Plus miramare d.o.o.\",\"description\":\"Zubna ordinacija va\u0161eg izbora\",\"potentialAction\":[{\"@type\":\"SearchAction\",\"target\":{\"@type\":\"EntryPoint\",\"urlTemplate\":\"https:\/\/www.dentosaurus.com\/?s={search_term_string}\"},\"query-input\":\"required name=search_term_string\"}],\"inLanguage\":\"en-US\"},{\"@type\":\"WebPage\",\"@id\":\"http:\/\/www.dentosaurus.com\/?page_id=392#webpage\",\"url\":\"http:\/\/www.dentosaurus.com\/?page_id=392\",\"name\":\"Dental Plus miramare d.o.o.\",\"isPartOf\":{\"@id\":\"https:\/\/www.dentosaurus.com\/#website\"},\"datePublished\":\"2014-02-23T21:49:27+00:00\",\"dateModified\":\"2014-04-24T19:27:09+00:00\",\"description\":\"www.dentosaurus.com (Zubar va\u0161eg povjerenja - Samir \u010cimi\u0107, dr.med.dent.) nalazi se u centru Zagreba, u blizini glavnog kolodvora.\",\"breadcrumb\":{\"@id\":\"http:\/\/www.dentosaurus.com\/?page_id=392#breadcrumb\"},\"inLanguage\":\"en-US\",\"potentialAction\":[{\"@type\":\"ReadAction\",\"target\":[\"http:\/\/www.dentosaurus.com\/?page_id=392\"]}]},{\"@type\":\"BreadcrumbList\",\"@id\":\"http:\/\/www.dentosaurus.com\/?page_id=392#breadcrumb\",\"itemListElement\":[{\"@type\":\"ListItem\",\"position\":1,\"name\":\"Home\",\"item\":\"https:\/\/www.dentosaurus.com\/\"},{\"@type\":\"ListItem\",\"position\":2,\"name\":\"Naslovna\"}]}]}<\/script>\n<!-- \/ Yoast SEO plugin. -->","yoast_head_json":{"description":"www.dentosaurus.com (Zubar va\u0161eg povjerenja - Samir \u010cimi\u0107, dr.med.dent.) nalazi se u centru Zagreba, u blizini glavnog kolodvora.","robots":{"index":"index","follow":"follow","max-snippet":"max-snippet:-1","max-image-preview":"max-image-preview:large","max-video-preview":"max-video-preview:-1"},"canonical":"http:\/\/www.dentosaurus.com\/?page_id=392","og_locale":"en_US","og_type":"article","og_title":"Dental Plus miramare d.o.o.","og_description":"www.dentosaurus.com (Zubar va\u0161eg povjerenja - Samir \u010cimi\u0107, dr.med.dent.) nalazi se u centru Zagreba, u blizini glavnog kolodvora.","og_url":"http:\/\/www.dentosaurus.com\/?page_id=392","og_site_name":"Dental Plus miramare d.o.o.","article_modified_time":"2014-04-24T19:27:09+00:00","twitter_card":"summary_large_image","schema":{"@context":"https:\/\/schema.org","@graph":[{"@type":"WebSite","@id":"https:\/\/www.dentosaurus.com\/#website","url":"https:\/\/www.dentosaurus.com\/","name":"Dental Plus miramare d.o.o.","description":"Zubna ordinacija va\u0161eg izbora","potentialAction":[{"@type":"SearchAction","target":{"@type":"EntryPoint","urlTemplate":"https:\/\/www.dentosaurus.com\/?s={search_term_string}"},"query-input":"required name=search_term_string"}],"inLanguage":"en-US"},{"@type":"WebPage","@id":"http:\/\/www.dentosaurus.com\/?page_id=392#webpage","url":"http:\/\/www.dentosaurus.com\/?page_id=392","name":"Dental Plus miramare d.o.o.","isPartOf":{"@id":"https:\/\/www.dentosaurus.com\/#website"},"datePublished":"2014-02-23T21:49:27+00:00","dateModified":"2014-04-24T19:27:09+00:00","description":"www.dentosaurus.com (Zubar va\u0161eg povjerenja - Samir \u010cimi\u0107, dr.med.dent.) nalazi se u centru Zagreba, u blizini glavnog kolodvora.","breadcrumb":{"@id":"http:\/\/www.dentosaurus.com\/?page_id=392#breadcrumb"},"inLanguage":"en-US","potentialAction":[{"@type":"ReadAction","target":["http:\/\/www.dentosaurus.com\/?page_id=392"]}]},{"@type":"BreadcrumbList","@id":"http:\/\/www.dentosaurus.com\/?page_id=392#breadcrumb","itemListElement":[{"@type":"ListItem","position":1,"name":"Home","item":"https:\/\/www.dentosaurus.com\/"},{"@type":"ListItem","position":2,"name":"Naslovna"}]}]}},"_links":{"self":[{"href":"https:\/\/www.dentosaurus.com\/index.php?rest_route=\/wp\/v2\/pages\/392"}],"collection":[{"href":"https:\/\/www.dentosaurus.com\/index.php?rest_route=\/wp\/v2\/pages"}],"about":[{"href":"https:\/\/www.dentosaurus.com\/index.php?rest_route=\/wp\/v2\/types\/page"}],"author":[{"embeddable":true,"href":"https:\/\/www.dentosaurus.com\/index.php?rest_route=\/wp\/v2\/users\/1"}],"replies":[{"embeddable":true,"href":"https:\/\/www.dentosaurus.com\/index.php?rest_route=%2Fwp%2Fv2%2Fcomments&post=392"}],"version-history":[{"count":4,"href":"https:\/\/www.dentosaurus.com\/index.php?rest_route=\/wp\/v2\/pages\/392\/revisions"}],"predecessor-version":[{"id":436,"href":"https:\/\/www.dentosaurus.com\/index.php?rest_route=\/wp\/v2\/pages\/392\/revisions\/436"}],"wp:attachment":[{"href":"https:\/\/www.dentosaurus.com\/index.php?rest_route=%2Fwp%2Fv2%2Fmedia&parent=392"}],"curies":[{"name":"wp","href":"https:\/\/api.w.org\/{rel}","templated":true}]}}