{"id":346,"date":"2014-02-20T20:45:29","date_gmt":"2014-02-20T20:45:29","guid":{"rendered":"http:\/\/www.dentosaurus.com\/?page_id=346"},"modified":"2014-02-24T15:56:27","modified_gmt":"2014-02-24T15:56:27","slug":"dentalni-turizam","status":"publish","type":"page","link":"https:\/\/www.dentosaurus.com\/?page_id=346","title":{"rendered":"Dentalni turizam"},"content":{"rendered":"<p>Kao \u0161to samo ime ka\u017ee, dentalni turizam je kombinacija posjeta zemlji radi odlaska doktoru dentalne medicine, uz u\u017eivanje u njenim turisti\u010dkim destinacijama. Ipak, primarni razlog je popravak zuba. Razlog za\u0161to se ljudi odlu\u010duju na odlazak doktoru dentalne medicine u drugu zemlju je financijske prirode. Dentalne usluge u Hrvatskoj su vi\u0161estruko jeftinije od ve\u0107ine europskih zemalja. \u0160to je ve\u0107i stomatolo\u0161ki rad, razlika u cijeni \u0107e vi\u0161e do\u0107i do izra\u017eaja. Ljudima se \u010desto isplati uzeti povratnu avionsku kartu, odsjesti u hotelu te popravit zube uz ni\u017eu cijenu svega zajedno od cijene popravka\/rehabilitacije u mati\u010dnoj zemlji.<\/p>\n<p>Zagreb nudi velik izbor povijesnih znamenitosti te prirodnih ljepota. Plitvi\u010dka jezera su blizu, na more i pla\u017eu se mo\u017ee sti\u0107i za sat vremena od Zagreba. Mnogobrojni shoping centri u i okolo Zagreba su na dohvat ruke. Treba spomenuti i izvanrednu gastronomsku ponudu\u2026<\/p>\n<p>Prije samog planiranja puta, najbolje je kontaktirati (<b>kontakt<\/b>) ordinaciju kako bi se informiralo o potrebnom zahvatu\/zahvatima, te du\u017eini potrebnog ostanka. Treba ra\u010dunati da za ve\u0107i rad, naravno, treba i vi\u0161e vremena. Skra\u010divanje neophodnih faza prilikom izrade stomatolo\u0161kih\/protetskih radova, radi u\u0161tede vremena, ne mora uvijek ispasti dobro.<\/p>\n","protected":false},"excerpt":{"rendered":"<p>Kao \u0161to samo ime ka\u017ee, dentalni turizam je kombinacija posjeta zemlji radi odlaska doktoru dentalne medicine, uz u\u017eivanje u njenim turisti\u010dkim destinacijama. Ipak, primarni razlog je popravak zuba. Razlog za\u0161to se ljudi odlu\u010duju na odlazak doktoru dentalne medicine u drugu zemlju je financijske prirode. Dentalne usluge u Hrvatskoj su vi\u0161estruko jeftinije od ve\u0107ine europskih zemalja. [&hellip;]<\/p>\n","protected":false},"author":1,"featured_media":397,"parent":0,"menu_order":0,"comment_status":"closed","ping_status":"closed","template":"","meta":{"_mi_skip_tracking":false},"yoast_head":"<!-- This site is optimized with the Yoast SEO plugin v18.0 - https:\/\/yoast.com\/wordpress\/plugins\/seo\/ -->\n<meta name=\"robots\" content=\"index, follow, max-snippet:-1, max-image-preview:large, max-video-preview:-1\" \/>\n<link rel=\"canonical\" href=\"https:\/\/www.dentosaurus.com\/?page_id=346\" \/>\n<meta property=\"og:locale\" content=\"en_US\" \/>\n<meta property=\"og:type\" content=\"article\" \/>\n<meta property=\"og:title\" content=\"Dentalni turizam - Dental Plus miramare d.o.o.\" \/>\n<meta property=\"og:description\" content=\"Kao \u0161to samo ime ka\u017ee, dentalni turizam je kombinacija posjeta zemlji radi odlaska doktoru dentalne medicine, uz u\u017eivanje u njenim turisti\u010dkim destinacijama. Ipak, primarni razlog je popravak zuba. Razlog za\u0161to se ljudi odlu\u010duju na odlazak doktoru dentalne medicine u drugu zemlju je financijske prirode. Dentalne usluge u Hrvatskoj su vi\u0161estruko jeftinije od ve\u0107ine europskih zemalja. [&hellip;]\" \/>\n<meta property=\"og:url\" content=\"https:\/\/www.dentosaurus.com\/?page_id=346\" \/>\n<meta property=\"og:site_name\" content=\"Dental Plus miramare d.o.o.\" \/>\n<meta property=\"article:modified_time\" content=\"2014-02-24T15:56:27+00:00\" \/>\n<meta property=\"og:image\" content=\"https:\/\/www.dentosaurus.com\/wp-content\/uploads\/2014\/02\/sldr11.jpg\" \/>\n\t<meta property=\"og:image:width\" content=\"960\" \/>\n\t<meta property=\"og:image:height\" content=\"447\" \/>\n\t<meta property=\"og:image:type\" content=\"image\/jpeg\" \/>\n<meta name=\"twitter:card\" content=\"summary_large_image\" \/>\n<meta name=\"twitter:label1\" content=\"Est. reading time\" \/>\n\t<meta name=\"twitter:data1\" content=\"1 minute\" \/>\n<script type=\"application\/ld+json\" class=\"yoast-schema-graph\">{\"@context\":\"https:\/\/schema.org\",\"@graph\":[{\"@type\":\"WebSite\",\"@id\":\"https:\/\/www.dentosaurus.com\/#website\",\"url\":\"https:\/\/www.dentosaurus.com\/\",\"name\":\"Dental Plus miramare d.o.o.\",\"description\":\"Zubna ordinacija va\u0161eg izbora\",\"potentialAction\":[{\"@type\":\"SearchAction\",\"target\":{\"@type\":\"EntryPoint\",\"urlTemplate\":\"https:\/\/www.dentosaurus.com\/?s={search_term_string}\"},\"query-input\":\"required name=search_term_string\"}],\"inLanguage\":\"en-US\"},{\"@type\":\"ImageObject\",\"@id\":\"https:\/\/www.dentosaurus.com\/?page_id=346#primaryimage\",\"inLanguage\":\"en-US\",\"url\":\"https:\/\/www.dentosaurus.com\/wp-content\/uploads\/2014\/02\/sldr11.jpg\",\"contentUrl\":\"https:\/\/www.dentosaurus.com\/wp-content\/uploads\/2014\/02\/sldr11.jpg\",\"width\":960,\"height\":447},{\"@type\":\"WebPage\",\"@id\":\"https:\/\/www.dentosaurus.com\/?page_id=346#webpage\",\"url\":\"https:\/\/www.dentosaurus.com\/?page_id=346\",\"name\":\"Dentalni turizam - Dental Plus miramare d.o.o.\",\"isPartOf\":{\"@id\":\"https:\/\/www.dentosaurus.com\/#website\"},\"primaryImageOfPage\":{\"@id\":\"https:\/\/www.dentosaurus.com\/?page_id=346#primaryimage\"},\"datePublished\":\"2014-02-20T20:45:29+00:00\",\"dateModified\":\"2014-02-24T15:56:27+00:00\",\"breadcrumb\":{\"@id\":\"https:\/\/www.dentosaurus.com\/?page_id=346#breadcrumb\"},\"inLanguage\":\"en-US\",\"potentialAction\":[{\"@type\":\"ReadAction\",\"target\":[\"https:\/\/www.dentosaurus.com\/?page_id=346\"]}]},{\"@type\":\"BreadcrumbList\",\"@id\":\"https:\/\/www.dentosaurus.com\/?page_id=346#breadcrumb\",\"itemListElement\":[{\"@type\":\"ListItem\",\"position\":1,\"name\":\"Home\",\"item\":\"https:\/\/www.dentosaurus.com\/\"},{\"@type\":\"ListItem\",\"position\":2,\"name\":\"Dentalni turizam\"}]}]}<\/script>\n<!-- \/ Yoast SEO plugin. -->","yoast_head_json":{"robots":{"index":"index","follow":"follow","max-snippet":"max-snippet:-1","max-image-preview":"max-image-preview:large","max-video-preview":"max-video-preview:-1"},"canonical":"https:\/\/www.dentosaurus.com\/?page_id=346","og_locale":"en_US","og_type":"article","og_title":"Dentalni turizam - Dental Plus miramare d.o.o.","og_description":"Kao \u0161to samo ime ka\u017ee, dentalni turizam je kombinacija posjeta zemlji radi odlaska doktoru dentalne medicine, uz u\u017eivanje u njenim turisti\u010dkim destinacijama. Ipak, primarni razlog je popravak zuba. Razlog za\u0161to se ljudi odlu\u010duju na odlazak doktoru dentalne medicine u drugu zemlju je financijske prirode. Dentalne usluge u Hrvatskoj su vi\u0161estruko jeftinije od ve\u0107ine europskih zemalja. [&hellip;]","og_url":"https:\/\/www.dentosaurus.com\/?page_id=346","og_site_name":"Dental Plus miramare d.o.o.","article_modified_time":"2014-02-24T15:56:27+00:00","og_image":[{"width":960,"height":447,"url":"https:\/\/www.dentosaurus.com\/wp-content\/uploads\/2014\/02\/sldr11.jpg","type":"image\/jpeg"}],"twitter_card":"summary_large_image","twitter_misc":{"Est. reading time":"1 minute"},"schema":{"@context":"https:\/\/schema.org","@graph":[{"@type":"WebSite","@id":"https:\/\/www.dentosaurus.com\/#website","url":"https:\/\/www.dentosaurus.com\/","name":"Dental Plus miramare d.o.o.","description":"Zubna ordinacija va\u0161eg izbora","potentialAction":[{"@type":"SearchAction","target":{"@type":"EntryPoint","urlTemplate":"https:\/\/www.dentosaurus.com\/?s={search_term_string}"},"query-input":"required name=search_term_string"}],"inLanguage":"en-US"},{"@type":"ImageObject","@id":"https:\/\/www.dentosaurus.com\/?page_id=346#primaryimage","inLanguage":"en-US","url":"https:\/\/www.dentosaurus.com\/wp-content\/uploads\/2014\/02\/sldr11.jpg","contentUrl":"https:\/\/www.dentosaurus.com\/wp-content\/uploads\/2014\/02\/sldr11.jpg","width":960,"height":447},{"@type":"WebPage","@id":"https:\/\/www.dentosaurus.com\/?page_id=346#webpage","url":"https:\/\/www.dentosaurus.com\/?page_id=346","name":"Dentalni turizam - Dental Plus miramare d.o.o.","isPartOf":{"@id":"https:\/\/www.dentosaurus.com\/#website"},"primaryImageOfPage":{"@id":"https:\/\/www.dentosaurus.com\/?page_id=346#primaryimage"},"datePublished":"2014-02-20T20:45:29+00:00","dateModified":"2014-02-24T15:56:27+00:00","breadcrumb":{"@id":"https:\/\/www.dentosaurus.com\/?page_id=346#breadcrumb"},"inLanguage":"en-US","potentialAction":[{"@type":"ReadAction","target":["https:\/\/www.dentosaurus.com\/?page_id=346"]}]},{"@type":"BreadcrumbList","@id":"https:\/\/www.dentosaurus.com\/?page_id=346#breadcrumb","itemListElement":[{"@type":"ListItem","position":1,"name":"Home","item":"https:\/\/www.dentosaurus.com\/"},{"@type":"ListItem","position":2,"name":"Dentalni turizam"}]}]}},"_links":{"self":[{"href":"https:\/\/www.dentosaurus.com\/index.php?rest_route=\/wp\/v2\/pages\/346"}],"collection":[{"href":"https:\/\/www.dentosaurus.com\/index.php?rest_route=\/wp\/v2\/pages"}],"about":[{"href":"https:\/\/www.dentosaurus.com\/index.php?rest_route=\/wp\/v2\/types\/page"}],"author":[{"embeddable":true,"href":"https:\/\/www.dentosaurus.com\/index.php?rest_route=\/wp\/v2\/users\/1"}],"replies":[{"embeddable":true,"href":"https:\/\/www.dentosaurus.com\/index.php?rest_route=%2Fwp%2Fv2%2Fcomments&post=346"}],"version-history":[{"count":2,"href":"https:\/\/www.dentosaurus.com\/index.php?rest_route=\/wp\/v2\/pages\/346\/revisions"}],"predecessor-version":[{"id":351,"href":"https:\/\/www.dentosaurus.com\/index.php?rest_route=\/wp\/v2\/pages\/346\/revisions\/351"}],"wp:featuredmedia":[{"embeddable":true,"href":"https:\/\/www.dentosaurus.com\/index.php?rest_route=\/wp\/v2\/media\/397"}],"wp:attachment":[{"href":"https:\/\/www.dentosaurus.com\/index.php?rest_route=%2Fwp%2Fv2%2Fmedia&parent=346"}],"curies":[{"name":"wp","href":"https:\/\/api.w.org\/{rel}","templated":true}]}}