{"id":250,"date":"2014-02-19T21:34:57","date_gmt":"2014-02-19T21:34:57","guid":{"rendered":"http:\/\/www.dentosaurus.com\/?page_id=250"},"modified":"2016-02-25T20:58:07","modified_gmt":"2016-02-25T20:58:07","slug":"kontakt","status":"publish","type":"page","link":"https:\/\/www.dentosaurus.com\/?page_id=250","title":{"rendered":"Kontakt"},"content":{"rendered":"<div class=\"wpcf7\" id=\"wpcf7-f386-o1\">\n<div class=\"screen-reader-response\"><\/div>\n<form action=\"\/index.php?rest_route=%2Fwp%2Fv2%2Fpages%2F250#wpcf7-f386-o1\" method=\"post\" class=\"wpcf7-form\" novalidate=\"novalidate\">\n<div style=\"display: none;\">\n<input type=\"hidden\" name=\"_wpcf7\" value=\"386\" \/>\n<input type=\"hidden\" name=\"_wpcf7_version\" value=\"3.8\" \/>\n<input type=\"hidden\" name=\"_wpcf7_locale\" value=\"hr\" \/>\n<input type=\"hidden\" name=\"_wpcf7_unit_tag\" value=\"wpcf7-f386-o1\" \/>\n<input type=\"hidden\" name=\"_wpnonce\" value=\"9ea49055bf\" \/>\n<\/div>\n<p>Va\u0161e ime (obavezno)<br \/>\n    <span class=\"wpcf7-form-control-wrap your-name\"><input type=\"text\" name=\"your-name\" value=\"\" size=\"40\" class=\"wpcf7-form-control wpcf7-text wpcf7-validates-as-required\" aria-required=\"true\" aria-invalid=\"false\" \/><\/span> <\/p>\n<p>Va\u0161 Email (obavezno)<br \/>\n    <span class=\"wpcf7-form-control-wrap your-email\"><input type=\"email\" name=\"your-email\" value=\"\" size=\"40\" class=\"wpcf7-form-control wpcf7-text wpcf7-email wpcf7-validates-as-required wpcf7-validates-as-email\" aria-required=\"true\" aria-invalid=\"false\" \/><\/span> <\/p>\n<p>Predmet<br \/>\n    <span class=\"wpcf7-form-control-wrap your-subject\"><input type=\"text\" name=\"your-subject\" value=\"\" size=\"40\" class=\"wpcf7-form-control wpcf7-text\" aria-invalid=\"false\" \/><\/span> <\/p>\n<p>Va\u0161a Poruka<br \/>\n    <span class=\"wpcf7-form-control-wrap your-message\"><textarea name=\"your-message\" cols=\"40\" rows=\"10\" class=\"wpcf7-form-control wpcf7-textarea\" aria-invalid=\"false\"><\/textarea><\/span> <\/p>\n<p><input type=\"submit\" value=\"Po\u0161alji\" class=\"wpcf7-form-control wpcf7-submit\" \/><\/p>\n<p>Sigurnosna \u0161ifra<\/p>\n<p><input type=\"hidden\" name=\"_wpcf7_captcha_challenge_captcha-804\" value=\"1370345730\" \/><img class=\"wpcf7-form-control wpcf7-captchac wpcf7-captcha-captcha-804\" width=\"72\" height=\"24\" alt=\"captcha\" src=\"https:\/\/www.dentosaurus.com\/wp-content\/uploads\/wpcf7_captcha\/1370345730.png\" \/><br \/>\n<span class=\"wpcf7-form-control-wrap captcha-804\"><input type=\"text\" name=\"captcha-804\" value=\"\" size=\"40\" class=\"wpcf7-form-control wpcf7-captchar\" aria-invalid=\"false\" \/><\/span><\/p>\n<p style=\"display: none !important;\"><label>&#916;<textarea name=\"_wpcf7_ak_hp_textarea\" cols=\"45\" rows=\"8\" maxlength=\"100\"><\/textarea><\/label><input type=\"hidden\" id=\"ak_js_1\" name=\"_wpcf7_ak_js\" value=\"188\"\/><script>document.getElementById( \"ak_js_1\" ).setAttribute( \"value\", ( new Date() ).getTime() );<\/script><\/p><div class=\"wpcf7-response-output wpcf7-display-none\"><\/div><\/form><\/div>\n<p>&nbsp;<\/p>\n<p><em><strong>Dental Plus Miramare d.o.o.<\/strong><\/em><\/p>\n<p><em>Miramarska 15 b, 10 000 Zagreb, Republika Hrvatska<\/em><\/p>\n<p>Telefon: 01 \/ 6110 998<\/p>\n<p><span style=\"color: #c0c0c0;\">Upisan u sudski registar Trgova\u010dkog suda u Zagrebu,<\/span><br \/>\n<span style=\"color: #c0c0c0;\"> MBS: 080872688<\/span><br \/>\n<span style=\"color: #c0c0c0;\"> OIB: 55244639945<\/span><br \/>\n<span style=\"color: #c0c0c0;\"> Osoba ovla\u0161tena za zastupanje dru\u0161tva: dr.sc. Samir \u010cimi\u0107, spec. stom. prot.<\/span><br \/>\n<span style=\"color: #c0c0c0;\"> Temeljni kapital dru\u0161tva: 20.000,00 Kn upla\u0107en u cijelosti<\/span><br \/>\n<span style=\"color: #c0c0c0;\"> Poslovna banka dru\u0161tva: Privredna banka Zagreb d.d.<\/span><br \/>\n<span style=\"color: #c0c0c0;\"> \u017diro-ra\u010dun dru\u0161tva: HR5123400091110612160<\/span><\/p>\n<div id=\"wpgmza_map\" class=\"wpgmza_map\" data-settings='{\"id\":\"1\",\"map_title\":\"My first map\",\"map_width\":\"600\",\"map_height\":\"400\",\"map_start_lat\":\"45.802955\",\"map_start_lng\":\"15.976487\",\"map_start_location\":\"45.802955102471984,15.976487452114858\",\"map_start_zoom\":\"17\",\"default_marker\":\"0\",\"type\":\"1\",\"alignment\":\"1\",\"directions_enabled\":\"1\",\"styling_enabled\":\"0\",\"styling_json\":\"\",\"active\":\"0\",\"kml\":\"\",\"bicycle\":\"0\",\"traffic\":\"0\",\"dbox\":\"1\",\"dbox_width\":\"250\",\"listmarkers\":\"0\",\"listmarkers_advanced\":\"0\",\"filterbycat\":\"0\",\"ugm_enabled\":\"0\",\"ugm_category_enabled\":\"0\",\"fusion\":\"\",\"map_width_type\":\"px\",\"map_height_type\":\"px\",\"mass_marker_support\":\"1\",\"ugm_access\":\"0\",\"order_markers_by\":\"1\",\"order_markers_choice\":\"2\",\"show_user_location\":\"0\",\"default_to\":\"\",\"other_settings\":{\"transport_layer\":null}}' data-map-id='1' Data-maps-engine='google-maps' data-shortcode-attributes='{\"id\":\"1\"}' style=\"display:block; overflow:auto; width:600px; height:400px; float:left;\"><\/div>\n","protected":false},"excerpt":{"rendered":"<p>&nbsp; Dental Plus Miramare d.o.o. Miramarska 15 b, 10 000 Zagreb, Republika Hrvatska Telefon: 01 \/ 6110 998 Upisan u sudski registar Trgova\u010dkog suda u Zagrebu, MBS: 080872688 OIB: 55244639945 Osoba ovla\u0161tena za zastupanje dru\u0161tva: dr.sc. Samir \u010cimi\u0107, spec. stom. prot. Temeljni kapital dru\u0161tva: 20.000,00 Kn upla\u0107en u cijelosti Poslovna banka dru\u0161tva: Privredna banka Zagreb [&hellip;]<\/p>\n","protected":false},"author":1,"featured_media":0,"parent":0,"menu_order":0,"comment_status":"closed","ping_status":"closed","template":"","meta":{"_mi_skip_tracking":false},"yoast_head":"<!-- This site is optimized with the Yoast SEO plugin v18.0 - https:\/\/yoast.com\/wordpress\/plugins\/seo\/ -->\n<meta name=\"description\" content=\"Miramarska 15 b, 10 000 Zagreb, Republika Hrvatska. Telefon: 01 \/ 6110 998\" \/>\n<meta name=\"robots\" content=\"index, follow, max-snippet:-1, max-image-preview:large, max-video-preview:-1\" \/>\n<link rel=\"canonical\" href=\"https:\/\/www.dentosaurus.com\/?page_id=250\" \/>\n<meta property=\"og:locale\" content=\"en_US\" \/>\n<meta property=\"og:type\" content=\"article\" \/>\n<meta property=\"og:title\" content=\"Kontakt - Dental Plus miramare d.o.o.\" \/>\n<meta property=\"og:description\" content=\"Miramarska 15 b, 10 000 Zagreb, Republika Hrvatska. Telefon: 01 \/ 6110 998\" \/>\n<meta property=\"og:url\" content=\"https:\/\/www.dentosaurus.com\/?page_id=250\" \/>\n<meta property=\"og:site_name\" content=\"Dental Plus miramare d.o.o.\" \/>\n<meta property=\"article:modified_time\" content=\"2016-02-25T20:58:07+00:00\" \/>\n<meta name=\"twitter:card\" content=\"summary_large_image\" \/>\n<script type=\"application\/ld+json\" class=\"yoast-schema-graph\">{\"@context\":\"https:\/\/schema.org\",\"@graph\":[{\"@type\":\"WebSite\",\"@id\":\"https:\/\/www.dentosaurus.com\/#website\",\"url\":\"https:\/\/www.dentosaurus.com\/\",\"name\":\"Dental Plus miramare d.o.o.\",\"description\":\"Zubna ordinacija va\u0161eg izbora\",\"potentialAction\":[{\"@type\":\"SearchAction\",\"target\":{\"@type\":\"EntryPoint\",\"urlTemplate\":\"https:\/\/www.dentosaurus.com\/?s={search_term_string}\"},\"query-input\":\"required name=search_term_string\"}],\"inLanguage\":\"en-US\"},{\"@type\":\"WebPage\",\"@id\":\"https:\/\/www.dentosaurus.com\/?page_id=250#webpage\",\"url\":\"https:\/\/www.dentosaurus.com\/?page_id=250\",\"name\":\"Kontakt - Dental Plus miramare d.o.o.\",\"isPartOf\":{\"@id\":\"https:\/\/www.dentosaurus.com\/#website\"},\"datePublished\":\"2014-02-19T21:34:57+00:00\",\"dateModified\":\"2016-02-25T20:58:07+00:00\",\"description\":\"Miramarska 15 b, 10 000 Zagreb, Republika Hrvatska. Telefon: 01 \/ 6110 998\",\"breadcrumb\":{\"@id\":\"https:\/\/www.dentosaurus.com\/?page_id=250#breadcrumb\"},\"inLanguage\":\"en-US\",\"potentialAction\":[{\"@type\":\"ReadAction\",\"target\":[\"https:\/\/www.dentosaurus.com\/?page_id=250\"]}]},{\"@type\":\"BreadcrumbList\",\"@id\":\"https:\/\/www.dentosaurus.com\/?page_id=250#breadcrumb\",\"itemListElement\":[{\"@type\":\"ListItem\",\"position\":1,\"name\":\"Home\",\"item\":\"https:\/\/www.dentosaurus.com\/\"},{\"@type\":\"ListItem\",\"position\":2,\"name\":\"Kontakt\"}]}]}<\/script>\n<!-- \/ Yoast SEO plugin. -->","yoast_head_json":{"description":"Miramarska 15 b, 10 000 Zagreb, Republika Hrvatska. Telefon: 01 \/ 6110 998","robots":{"index":"index","follow":"follow","max-snippet":"max-snippet:-1","max-image-preview":"max-image-preview:large","max-video-preview":"max-video-preview:-1"},"canonical":"https:\/\/www.dentosaurus.com\/?page_id=250","og_locale":"en_US","og_type":"article","og_title":"Kontakt - Dental Plus miramare d.o.o.","og_description":"Miramarska 15 b, 10 000 Zagreb, Republika Hrvatska. Telefon: 01 \/ 6110 998","og_url":"https:\/\/www.dentosaurus.com\/?page_id=250","og_site_name":"Dental Plus miramare d.o.o.","article_modified_time":"2016-02-25T20:58:07+00:00","twitter_card":"summary_large_image","schema":{"@context":"https:\/\/schema.org","@graph":[{"@type":"WebSite","@id":"https:\/\/www.dentosaurus.com\/#website","url":"https:\/\/www.dentosaurus.com\/","name":"Dental Plus miramare d.o.o.","description":"Zubna ordinacija va\u0161eg izbora","potentialAction":[{"@type":"SearchAction","target":{"@type":"EntryPoint","urlTemplate":"https:\/\/www.dentosaurus.com\/?s={search_term_string}"},"query-input":"required name=search_term_string"}],"inLanguage":"en-US"},{"@type":"WebPage","@id":"https:\/\/www.dentosaurus.com\/?page_id=250#webpage","url":"https:\/\/www.dentosaurus.com\/?page_id=250","name":"Kontakt - Dental Plus miramare d.o.o.","isPartOf":{"@id":"https:\/\/www.dentosaurus.com\/#website"},"datePublished":"2014-02-19T21:34:57+00:00","dateModified":"2016-02-25T20:58:07+00:00","description":"Miramarska 15 b, 10 000 Zagreb, Republika Hrvatska. Telefon: 01 \/ 6110 998","breadcrumb":{"@id":"https:\/\/www.dentosaurus.com\/?page_id=250#breadcrumb"},"inLanguage":"en-US","potentialAction":[{"@type":"ReadAction","target":["https:\/\/www.dentosaurus.com\/?page_id=250"]}]},{"@type":"BreadcrumbList","@id":"https:\/\/www.dentosaurus.com\/?page_id=250#breadcrumb","itemListElement":[{"@type":"ListItem","position":1,"name":"Home","item":"https:\/\/www.dentosaurus.com\/"},{"@type":"ListItem","position":2,"name":"Kontakt"}]}]}},"_links":{"self":[{"href":"https:\/\/www.dentosaurus.com\/index.php?rest_route=\/wp\/v2\/pages\/250"}],"collection":[{"href":"https:\/\/www.dentosaurus.com\/index.php?rest_route=\/wp\/v2\/pages"}],"about":[{"href":"https:\/\/www.dentosaurus.com\/index.php?rest_route=\/wp\/v2\/types\/page"}],"author":[{"embeddable":true,"href":"https:\/\/www.dentosaurus.com\/index.php?rest_route=\/wp\/v2\/users\/1"}],"replies":[{"embeddable":true,"href":"https:\/\/www.dentosaurus.com\/index.php?rest_route=%2Fwp%2Fv2%2Fcomments&post=250"}],"version-history":[{"count":13,"href":"https:\/\/www.dentosaurus.com\/index.php?rest_route=\/wp\/v2\/pages\/250\/revisions"}],"predecessor-version":[{"id":515,"href":"https:\/\/www.dentosaurus.com\/index.php?rest_route=\/wp\/v2\/pages\/250\/revisions\/515"}],"wp:attachment":[{"href":"https:\/\/www.dentosaurus.com\/index.php?rest_route=%2Fwp%2Fv2%2Fmedia&parent=250"}],"curies":[{"name":"wp","href":"https:\/\/api.w.org\/{rel}","templated":true}]}}