{"id":247,"date":"2014-02-19T21:33:16","date_gmt":"2014-02-19T21:33:16","guid":{"rendered":"http:\/\/www.dentosaurus.com\/?page_id=247"},"modified":"2016-02-25T21:10:07","modified_gmt":"2016-02-25T21:10:07","slug":"naslovna","status":"publish","type":"page","link":"https:\/\/www.dentosaurus.com\/?page_id=247","title":{"rendered":"O nama"},"content":{"rendered":"<p><span style=\"line-height: 1.5em;\">O meni:<\/span><\/p>\n<p><img loading=\"lazy\" class=\"alignleft  wp-image-286\" src=\"http:\/\/www.dentosaurus.com\/wp-content\/uploads\/2014\/02\/cme1-211x300.jpg\" alt=\"Samir \u010cimi\u0107, dr.med.dent.\" width=\"127\" height=\"180\" srcset=\"https:\/\/www.dentosaurus.com\/wp-content\/uploads\/2014\/02\/cme1-211x300.jpg 211w, https:\/\/www.dentosaurus.com\/wp-content\/uploads\/2014\/02\/cme1.jpg 338w\" sizes=\"(max-width: 127px) 100vw, 127px\" \/><strong><em><span style=\"text-decoration: underline; color: #ffffff;\"><span style=\"text-decoration: underline;\"><span style=\"text-decoration: underline;\">dr.sc.<\/span>\u00a0<\/span><\/span><span style=\"color: #000000;\"><span style=\"text-decoration: underline; color: #ffffff;\">Samir \u010cimi\u0107<\/span><span style=\"color: #ffffff;\">, specijalist stomatolo\u0161ke protetike<\/span><\/span><\/em><\/strong><\/p>\n<p>&nbsp;<\/p>\n<p>Ro\u0111en 28. travnja 1984 u Banja Luci. Osnovnu i srednju \u0161kolu zavr\u0161ava u Zagrebu. 2002. upisuje Stomatolo\u0161ki fakultet Sveu\u010dili\u0161ta u Zagrebu, te 2008. <em><span style=\"text-decoration: underline;\">diplomira s najboljim prosjekom na godini<\/span><\/em>.<!--more--> <em><span style=\"text-decoration: underline;\">Dobitnik \u010detiri Dekanove nagrade za najboljeg studenta na godini<\/span><\/em>. 2009. pola\u017ee stru\u010dni ispit. Od 2009. zaposlen na Zavodu za mobilnu protetiku Stomatolo\u0161kog fakulteta u Zagrebu kao znanstveni novak. <span style=\"text-decoration: underline;\"><em>Aktivno sudjeluje u izvo\u0111enju pretkli\u010dke i klini\u010dke nastave<\/em><\/span>. 2013. zapo\u010dinje specijalizaciju iz Stomatolo\u0161ke protetike. <em><span style=\"text-decoration: underline;\">Trajno se usavr\u0161ava u zemlji i inozemstvu, te aktivno sudjeluje na doma\u0107im i me\u0111unarodnim kongresima<\/span><\/em>. <span style=\"text-decoration: underline;\"><em>Autor je brojnih stru\u010dnih i znanstvenih radova<\/em><\/span>.<\/p>\n<p>&nbsp;<\/p>\n<p>\u010clan je Hrvatske komore dentalne medicine, Hrvatskog protetskog dru\u0161tva, IADR-a (International Association for Dental Research).<\/p>\n<p>&nbsp;<\/p>\n<p>&nbsp;<\/p>\n<p>&nbsp;<\/p>\n<p><span style=\"text-decoration: underline;\">Izdvajamo:<\/span><\/p>\n<p><em><strong>New trends in modern esthetic &amp; restorative dentistry, ICDE-u (International Center for Dental Education, Ivoclar Vivadent, Lihten\u0161tajn)<\/strong><\/em><\/p>\n<p><em><strong>45th Meeting of the Continental European Division of the International Association for Dental Research (CED-IADR) with the Scandinavian Division (NOF), Budimpe\u0161ta, Ma\u0111arska<\/strong><\/em><\/p>\n<p><em><strong>Kerami\u010dki radovi-terapijski koncept od a do \u017e, Opatija.<\/strong><\/em><\/p>\n<p><em><strong>Ankylos\u00ae: multi_indicative, 29.5.2009., Be\u010d, Austrija<\/strong><\/em><\/p>\n<p><em><strong>PER\/IADR Congress, Helsinki, Finska<\/strong><\/em><\/p>\n<p><em><strong>2. me\u0111unarodni regionalnom Straumann\/Ivoclar Vivadent kongresu \u201eCompetence in Implant Esthetics\u201c, Zagreb<\/strong><\/em><\/p>\n<p><em><strong>IADR\/AADR\/CADR General Session &amp; Exhibition, Seattle, SAD.<\/strong><\/em><\/p>\n<p><em><strong><span style=\"color: #ffffff;\">3.\u00a0<\/span><span style=\"color: #222222;\"><span style=\"color: #ffffff;\">2014. godine obranio disertaciju (doktorat znanosti). 2016. godine specijalizirao Stomatolo\u0161ku protetiku:<\/span> <span style=\"color: #ff0000;\"><a href=\"http:\/\/zagreb-croatia.net\/health-tourism-913343\/\" target=\"_blank\"><span style=\"color: #ff0000;\">LINK<\/span><\/a><\/span><\/span><\/strong><\/em><\/p>\n<p>&nbsp;<\/p>\n<p>_________________________________________________________________________________<\/p>\n<p><span style=\"text-decoration: underline;\"><strong>Stru\u010dni suradnici<\/strong><\/span><\/p>\n<p><span style=\"line-height: 1.5em;\"><img loading=\"lazy\" class=\"alignnone  wp-image-306\" src=\"http:\/\/www.dentosaurus.com\/wp-content\/uploads\/2014\/02\/vrzic-211x300.jpg\" alt=\"Domagoj Vra\u017ei\u0107, univ.mag.med.dent.\" width=\"127\" height=\"180\" srcset=\"https:\/\/www.dentosaurus.com\/wp-content\/uploads\/2014\/02\/vrzic-211x300.jpg 211w, https:\/\/www.dentosaurus.com\/wp-content\/uploads\/2014\/02\/vrzic.jpg 338w\" sizes=\"(max-width: 127px) 100vw, 127px\" \/> \u00a0 \u00a0 \u00a0 \u00a0 \u00a0 \u00a0 \u00a0 \u00a0 \u00a0 \u00a0 \u00a0 \u00a0 \u00a0 \u00a0 \u00a0 \u00a0 \u00a0\u00a0<\/span><img loading=\"lazy\" class=\"alignnone  wp-image-300\" style=\"line-height: 1.5em;\" src=\"http:\/\/www.dentosaurus.com\/wp-content\/uploads\/2014\/02\/thnicr-211x300.jpg\" alt=\"Tomislav Zrinjan, zubni tehni\u010dar\" width=\"127\" height=\"180\" srcset=\"https:\/\/www.dentosaurus.com\/wp-content\/uploads\/2014\/02\/thnicr-211x300.jpg 211w, https:\/\/www.dentosaurus.com\/wp-content\/uploads\/2014\/02\/thnicr.jpg 338w\" sizes=\"(max-width: 127px) 100vw, 127px\" \/><\/p>\n<p>Domagoj Vra\u017ei\u0107, univ.mag.med.dent. \u00a0 \u00a0 \u00a0 \u00a0 \u00a0 \u00a0 \u00a0 \u00a0 \u00a0 \u00a0 \u00a0 \u00a0 \u00a0 \u00a0 \u00a0 \u00a0\u00a0 \u00a0 Tomislav Zrinjan, zubni tehni\u010dar<\/p>\n","protected":false},"excerpt":{"rendered":"<p>O meni: dr.sc.\u00a0Samir \u010cimi\u0107, specijalist stomatolo\u0161ke protetike &nbsp; Ro\u0111en 28. travnja 1984 u Banja Luci. Osnovnu i srednju \u0161kolu zavr\u0161ava u Zagrebu. 2002. upisuje Stomatolo\u0161ki fakultet Sveu\u010dili\u0161ta u Zagrebu, te 2008. diplomira s najboljim prosjekom na godini.<\/p>\n","protected":false},"author":1,"featured_media":0,"parent":0,"menu_order":0,"comment_status":"closed","ping_status":"closed","template":"page-full.php","meta":{"_mi_skip_tracking":false},"yoast_head":"<!-- This site is optimized with the Yoast SEO plugin v18.0 - https:\/\/yoast.com\/wordpress\/plugins\/seo\/ -->\n<meta name=\"description\" content=\"\u010clan je Hrvatske komore dentalne medicine, Hrvatskog protetskog dru\u0161tva, IADR-a (International Association for Dental Research).\" \/>\n<meta name=\"robots\" content=\"index, follow, max-snippet:-1, max-image-preview:large, max-video-preview:-1\" \/>\n<link rel=\"canonical\" href=\"https:\/\/www.dentosaurus.com\/?page_id=247\" \/>\n<meta property=\"og:locale\" content=\"en_US\" \/>\n<meta property=\"og:type\" content=\"article\" \/>\n<meta property=\"og:title\" content=\"Samir \u010cimi\u0107, dr.med.dent. Dental Plus Miramare d.o.o.\" \/>\n<meta property=\"og:description\" content=\"\u010clan je Hrvatske komore dentalne medicine, Hrvatskog protetskog dru\u0161tva, IADR-a (International Association for Dental Research).\" \/>\n<meta property=\"og:url\" content=\"https:\/\/www.dentosaurus.com\/?page_id=247\" \/>\n<meta property=\"og:site_name\" content=\"Dental Plus miramare d.o.o.\" \/>\n<meta property=\"article:modified_time\" content=\"2016-02-25T21:10:07+00:00\" \/>\n<meta property=\"og:image\" content=\"http:\/\/www.dentosaurus.com\/wp-content\/uploads\/2014\/02\/cme1-211x300.jpg\" \/>\n<meta name=\"twitter:card\" content=\"summary_large_image\" \/>\n<meta name=\"twitter:label1\" content=\"Est. reading time\" \/>\n\t<meta name=\"twitter:data1\" content=\"1 minute\" \/>\n<script type=\"application\/ld+json\" class=\"yoast-schema-graph\">{\"@context\":\"https:\/\/schema.org\",\"@graph\":[{\"@type\":\"WebSite\",\"@id\":\"http:\/\/www.dentosaurus.com\/#website\",\"url\":\"http:\/\/www.dentosaurus.com\/\",\"name\":\"Dental Plus miramare d.o.o.\",\"description\":\"Zubna ordinacija va\u0161eg izbora\",\"potentialAction\":[{\"@type\":\"SearchAction\",\"target\":{\"@type\":\"EntryPoint\",\"urlTemplate\":\"http:\/\/www.dentosaurus.com\/?s={search_term_string}\"},\"query-input\":\"required name=search_term_string\"}],\"inLanguage\":\"en-US\"},{\"@type\":\"ImageObject\",\"@id\":\"https:\/\/www.dentosaurus.com\/?page_id=247#primaryimage\",\"inLanguage\":\"en-US\",\"url\":\"http:\/\/www.dentosaurus.com\/wp-content\/uploads\/2014\/02\/cme1-211x300.jpg\",\"contentUrl\":\"http:\/\/www.dentosaurus.com\/wp-content\/uploads\/2014\/02\/cme1-211x300.jpg\"},{\"@type\":\"WebPage\",\"@id\":\"https:\/\/www.dentosaurus.com\/?page_id=247#webpage\",\"url\":\"https:\/\/www.dentosaurus.com\/?page_id=247\",\"name\":\"Samir \u010cimi\u0107, dr.med.dent. Dental Plus Miramare d.o.o.\",\"isPartOf\":{\"@id\":\"http:\/\/www.dentosaurus.com\/#website\"},\"primaryImageOfPage\":{\"@id\":\"https:\/\/www.dentosaurus.com\/?page_id=247#primaryimage\"},\"datePublished\":\"2014-02-19T21:33:16+00:00\",\"dateModified\":\"2016-02-25T21:10:07+00:00\",\"description\":\"\u010clan je Hrvatske komore dentalne medicine, Hrvatskog protetskog dru\u0161tva, IADR-a (International Association for Dental Research).\",\"breadcrumb\":{\"@id\":\"https:\/\/www.dentosaurus.com\/?page_id=247#breadcrumb\"},\"inLanguage\":\"en-US\",\"potentialAction\":[{\"@type\":\"ReadAction\",\"target\":[\"https:\/\/www.dentosaurus.com\/?page_id=247\"]}]},{\"@type\":\"BreadcrumbList\",\"@id\":\"https:\/\/www.dentosaurus.com\/?page_id=247#breadcrumb\",\"itemListElement\":[{\"@type\":\"ListItem\",\"position\":1,\"name\":\"Home\",\"item\":\"http:\/\/www.dentosaurus.com\/\"},{\"@type\":\"ListItem\",\"position\":2,\"name\":\"O nama\"}]}]}<\/script>\n<!-- \/ Yoast SEO plugin. -->","yoast_head_json":{"description":"\u010clan je Hrvatske komore dentalne medicine, Hrvatskog protetskog dru\u0161tva, IADR-a (International Association for Dental Research).","robots":{"index":"index","follow":"follow","max-snippet":"max-snippet:-1","max-image-preview":"max-image-preview:large","max-video-preview":"max-video-preview:-1"},"canonical":"https:\/\/www.dentosaurus.com\/?page_id=247","og_locale":"en_US","og_type":"article","og_title":"Samir \u010cimi\u0107, dr.med.dent. Dental Plus Miramare d.o.o.","og_description":"\u010clan je Hrvatske komore dentalne medicine, Hrvatskog protetskog dru\u0161tva, IADR-a (International Association for Dental Research).","og_url":"https:\/\/www.dentosaurus.com\/?page_id=247","og_site_name":"Dental Plus miramare d.o.o.","article_modified_time":"2016-02-25T21:10:07+00:00","og_image":[{"url":"http:\/\/www.dentosaurus.com\/wp-content\/uploads\/2014\/02\/cme1-211x300.jpg"}],"twitter_card":"summary_large_image","twitter_misc":{"Est. reading time":"1 minute"},"schema":{"@context":"https:\/\/schema.org","@graph":[{"@type":"WebSite","@id":"http:\/\/www.dentosaurus.com\/#website","url":"http:\/\/www.dentosaurus.com\/","name":"Dental Plus miramare d.o.o.","description":"Zubna ordinacija va\u0161eg izbora","potentialAction":[{"@type":"SearchAction","target":{"@type":"EntryPoint","urlTemplate":"http:\/\/www.dentosaurus.com\/?s={search_term_string}"},"query-input":"required name=search_term_string"}],"inLanguage":"en-US"},{"@type":"ImageObject","@id":"https:\/\/www.dentosaurus.com\/?page_id=247#primaryimage","inLanguage":"en-US","url":"http:\/\/www.dentosaurus.com\/wp-content\/uploads\/2014\/02\/cme1-211x300.jpg","contentUrl":"http:\/\/www.dentosaurus.com\/wp-content\/uploads\/2014\/02\/cme1-211x300.jpg"},{"@type":"WebPage","@id":"https:\/\/www.dentosaurus.com\/?page_id=247#webpage","url":"https:\/\/www.dentosaurus.com\/?page_id=247","name":"Samir \u010cimi\u0107, dr.med.dent. Dental Plus Miramare d.o.o.","isPartOf":{"@id":"http:\/\/www.dentosaurus.com\/#website"},"primaryImageOfPage":{"@id":"https:\/\/www.dentosaurus.com\/?page_id=247#primaryimage"},"datePublished":"2014-02-19T21:33:16+00:00","dateModified":"2016-02-25T21:10:07+00:00","description":"\u010clan je Hrvatske komore dentalne medicine, Hrvatskog protetskog dru\u0161tva, IADR-a (International Association for Dental Research).","breadcrumb":{"@id":"https:\/\/www.dentosaurus.com\/?page_id=247#breadcrumb"},"inLanguage":"en-US","potentialAction":[{"@type":"ReadAction","target":["https:\/\/www.dentosaurus.com\/?page_id=247"]}]},{"@type":"BreadcrumbList","@id":"https:\/\/www.dentosaurus.com\/?page_id=247#breadcrumb","itemListElement":[{"@type":"ListItem","position":1,"name":"Home","item":"http:\/\/www.dentosaurus.com\/"},{"@type":"ListItem","position":2,"name":"O nama"}]}]}},"_links":{"self":[{"href":"https:\/\/www.dentosaurus.com\/index.php?rest_route=\/wp\/v2\/pages\/247"}],"collection":[{"href":"https:\/\/www.dentosaurus.com\/index.php?rest_route=\/wp\/v2\/pages"}],"about":[{"href":"https:\/\/www.dentosaurus.com\/index.php?rest_route=\/wp\/v2\/types\/page"}],"author":[{"embeddable":true,"href":"https:\/\/www.dentosaurus.com\/index.php?rest_route=\/wp\/v2\/users\/1"}],"replies":[{"embeddable":true,"href":"https:\/\/www.dentosaurus.com\/index.php?rest_route=%2Fwp%2Fv2%2Fcomments&post=247"}],"version-history":[{"count":70,"href":"https:\/\/www.dentosaurus.com\/index.php?rest_route=\/wp\/v2\/pages\/247\/revisions"}],"predecessor-version":[{"id":528,"href":"https:\/\/www.dentosaurus.com\/index.php?rest_route=\/wp\/v2\/pages\/247\/revisions\/528"}],"wp:attachment":[{"href":"https:\/\/www.dentosaurus.com\/index.php?rest_route=%2Fwp%2Fv2%2Fmedia&parent=247"}],"curies":[{"name":"wp","href":"https:\/\/api.w.org\/{rel}","templated":true}]}}